{"id":849,"date":"2025-05-23T13:34:08","date_gmt":"2025-05-23T13:34:08","guid":{"rendered":"https:\/\/poggiodellacivetta.it\/?page_id=849"},"modified":"2025-07-11T09:39:48","modified_gmt":"2025-07-11T09:39:48","slug":"contact-us","status":"publish","type":"page","link":"https:\/\/poggiodellacivetta.it\/en\/contact-us\/","title":{"rendered":"Contact us"},"content":{"rendered":"<div data-elementor-type=\"wp-page\" data-elementor-id=\"849\" class=\"elementor elementor-849\" data-elementor-post-type=\"page\">\n\t\t\t\t<div class=\"elementor-element elementor-element-fd7c2ac e-flex e-con-boxed e-con e-parent\" data-id=\"fd7c2ac\" data-element_type=\"container\">\n\t\t\t\t\t<div class=\"e-con-inner\">\n\t\t<div class=\"elementor-element elementor-element-15a6089 e-con-full e-flex e-con e-child\" data-id=\"15a6089\" data-element_type=\"container\">\n\t\t<div class=\"elementor-element elementor-element-2371c99 e-flex e-con-boxed e-con e-child\" data-id=\"2371c99\" data-element_type=\"container\">\n\t\t\t\t\t<div class=\"e-con-inner\">\n\t\t<div class=\"elementor-element elementor-element-cf77c5f e-con-full e-flex e-con e-child\" data-id=\"cf77c5f\" data-element_type=\"container\">\n\t\t\t\t<div class=\"elementor-element elementor-element-1ea257e elementor-widget elementor-widget-heading\" data-id=\"1ea257e\" data-element_type=\"widget\" data-widget_type=\"heading.default\">\n\t\t\t\t<div class=\"elementor-widget-container\">\n\t\t\t\t\t<h2 class=\"elementor-heading-title elementor-size-default\">If you\u2019d like to contact us<\/h2>\t\t\t\t<\/div>\n\t\t\t\t<\/div>\n\t\t\t\t<div class=\"elementor-element elementor-element-a94d7cf elementor-widget-divider--view-line elementor-widget elementor-widget-divider\" data-id=\"a94d7cf\" data-element_type=\"widget\" data-widget_type=\"divider.default\">\n\t\t\t\t<div class=\"elementor-widget-container\">\n\t\t\t\t\t\t\t<div class=\"elementor-divider\">\n\t\t\t<span class=\"elementor-divider-separator\">\n\t\t\t\t\t\t<\/span>\n\t\t<\/div>\n\t\t\t\t\t\t<\/div>\n\t\t\t\t<\/div>\n\t\t\t\t<\/div>\n\t\t\t\t<div class=\"elementor-element elementor-element-e617457 elementor-widget elementor-widget-heading\" data-id=\"e617457\" data-element_type=\"widget\" data-widget_type=\"heading.default\">\n\t\t\t\t<div class=\"elementor-widget-container\">\n\t\t\t\t\t<h3 class=\"elementor-heading-title elementor-size-default\">We are a small family-run farm, and sometimes you might find us among the olive\ntrees, tending lovingly to our land \u2014 but we\u2019ll get back to you as soon as possible,\nwith the same care and dedication we put into everything we do.\nThank you so much for your patience!<\/h3>\t\t\t\t<\/div>\n\t\t\t\t<\/div>\n\t\t\t\t\t<\/div>\n\t\t\t\t<\/div>\n\t\t\t\t<\/div>\n\t\t\t\t\t<\/div>\n\t\t\t\t<\/div>\n\t\t<div class=\"elementor-element elementor-element-439e7b5 e-flex e-con-boxed e-con e-parent\" data-id=\"439e7b5\" data-element_type=\"container\">\n\t\t\t\t\t<div class=\"e-con-inner\">\n\t\t<div class=\"elementor-element elementor-element-f86fa1c e-con-full e-flex e-con e-child\" data-id=\"f86fa1c\" data-element_type=\"container\">\n\t\t\t\t<div class=\"elementor-element elementor-element-6ae679a elementor-widget-divider--view-line elementor-widget elementor-widget-divider\" data-id=\"6ae679a\" data-element_type=\"widget\" data-widget_type=\"divider.default\">\n\t\t\t\t<div class=\"elementor-widget-container\">\n\t\t\t\t\t\t\t<div class=\"elementor-divider\">\n\t\t\t<span class=\"elementor-divider-separator\">\n\t\t\t\t\t\t<\/span>\n\t\t<\/div>\n\t\t\t\t\t\t<\/div>\n\t\t\t\t<\/div>\n\t\t\t\t<\/div>\n\t\t<div class=\"elementor-element elementor-element-3229a74 e-con-full e-flex e-con e-child\" data-id=\"3229a74\" data-element_type=\"container\">\n\t\t<div class=\"elementor-element elementor-element-2b4c2ce e-con-full e-flex e-con e-child\" data-id=\"2b4c2ce\" data-element_type=\"container\">\n\t\t\t\t<div class=\"elementor-element elementor-element-9c376d0 elementor-hidden-desktop elementor-hidden-laptop elementor-hidden-tablet elementor-hidden-mobile elementor-view-default elementor-widget elementor-widget-icon\" data-id=\"9c376d0\" data-element_type=\"widget\" data-widget_type=\"icon.default\">\n\t\t\t\t<div class=\"elementor-widget-container\">\n\t\t\t\t\t\t\t<div class=\"elementor-icon-wrapper\">\n\t\t\t<div class=\"elementor-icon\">\n\t\t\t<svg aria-hidden=\"true\" class=\"e-font-icon-svg e-fab-instagram\" viewbox=\"0 0 448 512\" xmlns=\"http:\/\/www.w3.org\/2000\/svg\"><path d=\"M224.1 141c-63.6 0-114.9 51.3-114.9 114.9s51.3 114.9 114.9 114.9S339 319.5 339 255.9 287.7 141 224.1 141zm0 189.6c-41.1 0-74.7-33.5-74.7-74.7s33.5-74.7 74.7-74.7 74.7 33.5 74.7 74.7-33.6 74.7-74.7 74.7zm146.4-194.3c0 14.9-12 26.8-26.8 26.8-14.9 0-26.8-12-26.8-26.8s12-26.8 26.8-26.8 26.8 12 26.8 26.8zm76.1 27.2c-1.7-35.9-9.9-67.7-36.2-93.9-26.2-26.2-58-34.4-93.9-36.2-37-2.1-147.9-2.1-184.9 0-35.8 1.7-67.6 9.9-93.9 36.1s-34.4 58-36.2 93.9c-2.1 37-2.1 147.9 0 184.9 1.7 35.9 9.9 67.7 36.2 93.9s58 34.4 93.9 36.2c37 2.1 147.9 2.1 184.9 0 35.9-1.7 67.7-9.9 93.9-36.2 26.2-26.2 34.4-58 36.2-93.9 2.1-37 2.1-147.8 0-184.8zM398.8 388c-7.8 19.6-22.9 34.7-42.6 42.6-29.5 11.7-99.5 9-132.1 9s-102.7 2.6-132.1-9c-19.6-7.8-34.7-22.9-42.6-42.6-11.7-29.5-9-99.5-9-132.1s-2.6-102.7 9-132.1c7.8-19.6 22.9-34.7 42.6-42.6 29.5-11.7 99.5-9 132.1-9s102.7-2.6 132.1 9c19.6 7.8 34.7 22.9 42.6 42.6 11.7 29.5 9 99.5 9 132.1s2.7 102.7-9 132.1z\"><\/path><\/svg>\t\t\t<\/div>\n\t\t<\/div>\n\t\t\t\t\t\t<\/div>\n\t\t\t\t<\/div>\n\t\t\t\t<div class=\"elementor-element elementor-element-7578294 elementor-widget elementor-widget-spacer\" data-id=\"7578294\" data-element_type=\"widget\" data-widget_type=\"spacer.default\">\n\t\t\t\t<div class=\"elementor-widget-container\">\n\t\t\t\t\t\t\t<div class=\"elementor-spacer\">\n\t\t\t<div class=\"elementor-spacer-inner\"><\/div>\n\t\t<\/div>\n\t\t\t\t\t\t<\/div>\n\t\t\t\t<\/div>\n\t\t\t\t<div class=\"elementor-element elementor-element-e8532b6 elementor-widget-mobile__width-initial elementor-widget elementor-widget-text-editor\" data-id=\"e8532b6\" data-element_type=\"widget\" data-widget_type=\"text-editor.default\">\n\t\t\t\t<div class=\"elementor-widget-container\">\n\t\t\t\t\t\t\t\t\t<p>Write to <a href=\"mailto:info@poggiodellacivetta.it\"><strong>info@poggiodellacivetta.it<\/strong><\/a> \u200eor send us a message on Whatsapp at <a href=\"https:\/\/wa.me\/393290523395\" target=\"_blank\" rel=\"noopener\"><strong>+39 329 0523395<\/strong><\/a><\/p>\t\t\t\t\t\t\t\t<\/div>\n\t\t\t\t<\/div>\n\t\t\t\t<\/div>\n\t\t\t\t<\/div>\n\t\t<div class=\"elementor-element elementor-element-d8f7c38 e-con-full e-flex e-con e-child\" data-id=\"d8f7c38\" data-element_type=\"container\">\n\t\t\t\t<div class=\"elementor-element elementor-element-500fb3b elementor-widget elementor-widget-image\" data-id=\"500fb3b\" data-element_type=\"widget\" data-widget_type=\"image.default\">\n\t\t\t\t<div class=\"elementor-widget-container\">\n\t\t\t\t\t\t\t\t\t\t\t\t\t\t\t<img fetchpriority=\"high\" decoding=\"async\" width=\"2250\" height=\"1500\" src=\"https:\/\/poggiodellacivetta.it\/wp-content\/uploads\/2025\/07\/poggio-civetta-contatti.jpg\" class=\"attachment-full size-full wp-image-1302\" alt=\"\" srcset=\"https:\/\/poggiodellacivetta.it\/wp-content\/uploads\/2025\/07\/poggio-civetta-contatti.jpg 2250w, https:\/\/poggiodellacivetta.it\/wp-content\/uploads\/2025\/07\/poggio-civetta-contatti-300x200.jpg 300w, https:\/\/poggiodellacivetta.it\/wp-content\/uploads\/2025\/07\/poggio-civetta-contatti-1024x683.jpg 1024w, https:\/\/poggiodellacivetta.it\/wp-content\/uploads\/2025\/07\/poggio-civetta-contatti-768x512.jpg 768w, https:\/\/poggiodellacivetta.it\/wp-content\/uploads\/2025\/07\/poggio-civetta-contatti-1536x1024.jpg 1536w, https:\/\/poggiodellacivetta.it\/wp-content\/uploads\/2025\/07\/poggio-civetta-contatti-2048x1365.jpg 2048w, https:\/\/poggiodellacivetta.it\/wp-content\/uploads\/2025\/07\/poggio-civetta-contatti-18x12.jpg 18w\" sizes=\"(max-width: 2250px) 100vw, 2250px\" \/>\t\t\t\t\t\t\t\t\t\t\t\t\t\t\t<\/div>\n\t\t\t\t<\/div>\n\t\t\t\t<div class=\"elementor-element elementor-element-7aeba50 elementor-widget elementor-widget-spacer\" data-id=\"7aeba50\" data-element_type=\"widget\" data-widget_type=\"spacer.default\">\n\t\t\t\t<div class=\"elementor-widget-container\">\n\t\t\t\t\t\t\t<div class=\"elementor-spacer\">\n\t\t\t<div class=\"elementor-spacer-inner\"><\/div>\n\t\t<\/div>\n\t\t\t\t\t\t<\/div>\n\t\t\t\t<\/div>\n\t\t\t\t<\/div>\n\t\t\t\t\t<\/div>\n\t\t\t\t<\/div>\n\t\t\t\t<\/div>","protected":false},"excerpt":{"rendered":"<p>Se vuoi contattarci Siamo una piccola azienda agricola e pu\u00f2 capitare che siamo tra gli ulivi a prenderci cura della nostra terra, ma risponderemo al pi\u00f9 presto con la dedizione che mettiamo in tutto ci\u00f2 che facciamo. Grazie di cuore per la tua pazienza! scrivici a info@poggiodellacivetta.it o via WhatsApp al +39 329 0523395<\/p>","protected":false},"author":1,"featured_media":0,"parent":0,"menu_order":0,"comment_status":"closed","ping_status":"closed","template":"","meta":{"footnotes":""},"class_list":["post-849","page","type-page","status-publish","hentry"],"_links":{"self":[{"href":"https:\/\/poggiodellacivetta.it\/en\/wp-json\/wp\/v2\/pages\/849","targetHints":{"allow":["GET"]}}],"collection":[{"href":"https:\/\/poggiodellacivetta.it\/en\/wp-json\/wp\/v2\/pages"}],"about":[{"href":"https:\/\/poggiodellacivetta.it\/en\/wp-json\/wp\/v2\/types\/page"}],"author":[{"embeddable":true,"href":"https:\/\/poggiodellacivetta.it\/en\/wp-json\/wp\/v2\/users\/1"}],"replies":[{"embeddable":true,"href":"https:\/\/poggiodellacivetta.it\/en\/wp-json\/wp\/v2\/comments?post=849"}],"version-history":[{"count":115,"href":"https:\/\/poggiodellacivetta.it\/en\/wp-json\/wp\/v2\/pages\/849\/revisions"}],"predecessor-version":[{"id":1711,"href":"https:\/\/poggiodellacivetta.it\/en\/wp-json\/wp\/v2\/pages\/849\/revisions\/1711"}],"wp:attachment":[{"href":"https:\/\/poggiodellacivetta.it\/en\/wp-json\/wp\/v2\/media?parent=849"}],"curies":[{"name":"wp","href":"https:\/\/api.w.org\/{rel}","templated":true}]}}